{"id":3,"date":"2023-05-23T14:08:44","date_gmt":"2023-05-23T12:08:44","guid":{"rendered":"https:\/\/alpha-courtage.fr\/?page_id=3"},"modified":"2024-05-29T10:43:26","modified_gmt":"2024-05-29T08:43:26","slug":"politique-de-confidentialite","status":"publish","type":"page","link":"https:\/\/alpha-courtage.fr\/?page_id=3","title":{"rendered":"Politique de confidentialit\u00e9 &#038; Mentions L\u00e9gales"},"content":{"rendered":"\n<h3 class=\"wp-block-heading\"><mark style=\"background-color:rgba(0, 0, 0, 0)\" class=\"has-inline-color has-vivid-red-color\">Politique de Confidentialit\u00e9<\/mark><\/h3>\n\n\n\n<p><strong>Politique de Confidentialit\u00e9<\/strong><\/p>\n\n\n\n<p><strong>1. Introduction<\/strong><\/p>\n\n\n\n<p>La pr\u00e9sente politique de confidentialit\u00e9 d\u00e9crit les pratiques de ALPHA COURTAGE concernant la collecte, l&rsquo;utilisation et la divulgation de vos informations lorsque vous utilisez notre site web, accessible \u00e0 l&rsquo;adresse suivante : <a href=\"http:\/\/alpha-courtage.fr\/\">alpha-courtage.fr<\/a>.<\/p>\n\n\n\n<p><strong>2. Collecte des Donn\u00e9es Personnelles<\/strong><\/p>\n\n\n\n<p>Nous collectons les informations que vous nous fournissez directement, notamment lorsque vous :<\/p>\n\n\n\n<ul class=\"wp-block-list\">\n<li>Remplissez un formulaire de contact<\/li>\n\n\n\n<li>Souscrivez \u00e0 nos services<\/li>\n\n\n\n<li>Communiquez avec nous par t\u00e9l\u00e9phone, e-mail ou tout autre moyen.<\/li>\n<\/ul>\n\n\n\n<p>Les types de donn\u00e9es personnelles que nous pouvons collecter incluent :<\/p>\n\n\n\n<ul class=\"wp-block-list\">\n<li>Nom et pr\u00e9nom<\/li>\n\n\n\n<li>Adresse e-mail<\/li>\n\n\n\n<li>Num\u00e9ro de t\u00e9l\u00e9phone<\/li>\n\n\n\n<li>Adresse postale<\/li>\n\n\n\n<li>Informations de paiement (le cas \u00e9ch\u00e9ant)<\/li>\n\n\n\n<li>Toute autre information que vous choisissez de nous fournir<\/li>\n<\/ul>\n\n\n\n<p><strong>3. Utilisation des Donn\u00e9es Personnelles<\/strong><\/p>\n\n\n\n<p>Les informations recueillies sont utilis\u00e9es pour :<\/p>\n\n\n\n<ul class=\"wp-block-list\">\n<li>Fournir et g\u00e9rer nos services<\/li>\n\n\n\n<li>Communiquer avec vous, r\u00e9pondre \u00e0 vos questions et traiter vos demandes<\/li>\n\n\n\n<li>Am\u00e9liorer notre site web et nos services<\/li>\n\n\n\n<li>G\u00e9rer nos relations commerciales et contractuelles<\/li>\n\n\n\n<li>Respecter nos obligations l\u00e9gales et r\u00e9glementaires<\/li>\n<\/ul>\n\n\n\n<p><strong>4. Partage des Donn\u00e9es Personnelles<\/strong><\/p>\n\n\n\n<p>Nous ne partageons pas vos donn\u00e9es personnelles avec des tiers, sauf dans les cas suivants :<\/p>\n\n\n\n<ul class=\"wp-block-list\">\n<li>Avec votre consentement explicite<\/li>\n\n\n\n<li>Pour se conformer \u00e0 une obligation l\u00e9gale ou r\u00e9glementaire<\/li>\n\n\n\n<li>Pour prot\u00e9ger nos droits, notre propri\u00e9t\u00e9 ou notre s\u00e9curit\u00e9, ainsi que ceux de nos utilisateurs ou du public<\/li>\n<\/ul>\n\n\n\n<p><strong>5. S\u00e9curit\u00e9 des Donn\u00e9es Personnelles<\/strong><\/p>\n\n\n\n<p>Nous mettons en \u0153uvre des mesures de s\u00e9curit\u00e9 techniques et organisationnelles appropri\u00e9es pour prot\u00e9ger vos donn\u00e9es personnelles contre toute destruction accidentelle ou illicite, perte, alt\u00e9ration, divulgation ou acc\u00e8s non autoris\u00e9.<\/p>\n\n\n\n<p><strong>6. Conservation des Donn\u00e9es Personnelles<\/strong><\/p>\n\n\n\n<p>Nous conservons vos donn\u00e9es personnelles aussi longtemps que n\u00e9cessaire pour atteindre les finalit\u00e9s pour lesquelles elles ont \u00e9t\u00e9 collect\u00e9es, ou pour nous conformer aux exigences l\u00e9gales.<\/p>\n\n\n\n<p><strong>7. Vos Droits<\/strong><\/p>\n\n\n\n<p>Conform\u00e9ment \u00e0 la loi \u00ab\u00a0Informatique et Libert\u00e9s\u00a0\u00bb du 6 janvier 1978 modifi\u00e9e et au R\u00e8glement G\u00e9n\u00e9ral sur la Protection des Donn\u00e9es (RGPD), vous disposez des droits suivants :<\/p>\n\n\n\n<ul class=\"wp-block-list\">\n<li>Droit d&rsquo;acc\u00e8s : Vous pouvez demander l&rsquo;acc\u00e8s aux donn\u00e9es personnelles que nous d\u00e9tenons sur vous.<\/li>\n\n\n\n<li>Droit de rectification : Vous pouvez demander la correction des donn\u00e9es personnelles inexactes ou incompl\u00e8tes.<\/li>\n\n\n\n<li>Droit \u00e0 l&rsquo;effacement : Vous pouvez demander la suppression de vos donn\u00e9es personnelles.<\/li>\n\n\n\n<li>Droit \u00e0 la limitation du traitement : Vous pouvez demander la limitation du traitement de vos donn\u00e9es personnelles.<\/li>\n\n\n\n<li>Droit d&rsquo;opposition : Vous pouvez vous opposer au traitement de vos donn\u00e9es personnelles.<\/li>\n\n\n\n<li>Droit \u00e0 la portabilit\u00e9 : Vous pouvez demander la portabilit\u00e9 de vos donn\u00e9es personnelles.<\/li>\n<\/ul>\n\n\n\n<p>Pour exercer ces droits, veuillez nous contacter \u00e0 l&rsquo;adresse e-mail suivante : <a>agence@alpha-courtage.fr<\/a>.<\/p>\n\n\n\n<p><strong>8. Modifications de la Politique de Confidentialit\u00e9<\/strong><\/p>\n\n\n\n<p>Nous nous r\u00e9servons le droit de modifier la pr\u00e9sente politique de confidentialit\u00e9 \u00e0 tout moment. Nous vous informerons de tout changement en publiant la nouvelle politique de confidentialit\u00e9 sur notre site. Nous vous encourageons \u00e0 consulter cette page r\u00e9guli\u00e8rement pour vous tenir inform\u00e9 de nos pratiques en mati\u00e8re de confidentialit\u00e9.<\/p>\n\n\n\n<p><strong>9. Contact<\/strong><\/p>\n\n\n\n<p>Pour toute question ou demande concernant cette politique de confidentialit\u00e9, vous pouvez nous contacter \u00e0 l&rsquo;adresse suivante :<\/p>\n\n\n\n<ul class=\"wp-block-list\">\n<li><strong>Adresse e-mail :<\/strong> <a>agence@alpha-courtage.fr<\/a><\/li>\n\n\n\n<li><strong>Adresse postale :<\/strong> 2 Place Roger Salengro, 59140 Dunkerque, France<\/li>\n\n\n\n<li><strong>Num\u00e9ro de t\u00e9l\u00e9phone :<\/strong> 03.28.66.35.91<\/li>\n<\/ul>\n\n\n\n<h3 class=\"wp-block-heading\"><mark style=\"background-color:rgba(0, 0, 0, 0)\" class=\"has-inline-color has-vivid-red-color\">Mentions L\u00e9gales<\/mark><\/h3>\n\n\n\n<p><strong>1. Identification de l&rsquo;\u00e9diteur du site :<\/strong><\/p>\n\n\n\n<ul class=\"wp-block-list\">\n<li><strong>Nom de l&rsquo;entreprise :<\/strong> ALPHA COURTAGE<\/li>\n\n\n\n<li><strong>Forme juridique :<\/strong> SAS<\/li>\n\n\n\n<li><strong>Adresse du si\u00e8ge social :<\/strong> 2 Place Roger Salengro, 59140 Dunkerque, France<\/li>\n\n\n\n<li><strong>Num\u00e9ro de t\u00e9l\u00e9phone :<\/strong> 03.28.66.35.91<\/li>\n\n\n\n<li><strong>Adresse e-mail :<\/strong> <a>agence@alpha-courtage.fr<\/a><\/li>\n\n\n\n<li><strong>Num\u00e9ro SIRET :<\/strong> 42917251300039<\/li>\n\n\n\n<li><strong>Num\u00e9ro RCS :<\/strong> Dunkerque B 429 172 513<\/li>\n\n\n\n<li><strong>Capital social :<\/strong> 8.000\u20ac<\/li>\n<\/ul>\n\n\n\n<p><strong>2. Directeur de la publication :<\/strong><\/p>\n\n\n\n<ul class=\"wp-block-list\">\n<li><strong>Nom et pr\u00e9nom :<\/strong> ALPHA COURTAGE<\/li>\n<\/ul>\n\n\n\n<p><strong>3. H\u00e9bergeur du site :<\/strong><\/p>\n\n\n\n<ul class=\"wp-block-list\">\n<li><strong>Nom de l&rsquo;h\u00e9bergeur :<\/strong> GOOGLE CLOUD France<\/li>\n\n\n\n<li><strong>Adresse :<\/strong> 8 Rue de Londres, 75009 Paris, France<\/li>\n<\/ul>\n\n\n\n<p><strong>4. Propri\u00e9t\u00e9 intellectuelle :<\/strong> \u00ab\u00a0Tous les contenus pr\u00e9sents sur ce site sont la propri\u00e9t\u00e9 de ALPHA COURTAGE ou de leurs auteurs respectifs. Toute reproduction, distribution, modification ou utilisation de ces contenus, sans l&rsquo;autorisation pr\u00e9alable de ALPHA COURTAGE, est interdite.\u00a0\u00bb<\/p>\n\n\n\n<p><strong>5. Donn\u00e9es personnelles :<\/strong> \u00ab\u00a0Les informations recueillies font l\u2019objet d\u2019un traitement informatique destin\u00e9 \u00e0 la gestion de notre client\u00e8le. Les destinataires des donn\u00e9es sont ALPHA COURTAGE. Conform\u00e9ment \u00e0 la loi &lsquo;Informatique et Libert\u00e9s&rsquo; du 6 janvier 1978 modifi\u00e9e, vous b\u00e9n\u00e9ficiez d\u2019un droit d\u2019acc\u00e8s et de rectification aux informations qui vous concernent, que vous pouvez exercer en vous adressant \u00e0 <a>agence@alpha-courtage.fr<\/a>.\u00a0\u00bb<\/p>\n\n\n\n<p><strong>6. Cookies :<\/strong> \u00ab\u00a0Le site alpha-courtage.fr utilise des cookies pour am\u00e9liorer l\u2019exp\u00e9rience utilisateur et \u00e0 des fins de statistiques de visites. Vous pouvez configurer votre navigateur pour refuser les cookies.\u00a0\u00bb<\/p>\n","protected":false},"excerpt":{"rendered":"<p>Politique de Confidentialit\u00e9 Politique de Confidentialit\u00e9 1. Introduction La pr\u00e9sente politique de confidentialit\u00e9 d\u00e9crit les pratiques de ALPHA COURTAGE concernant la collecte, l&rsquo;utilisation et la divulgation de vos informations lorsque vous utilisez notre site web, accessible \u00e0 l&rsquo;adresse suivante : alpha-courtage.fr. 2. Collecte des Donn\u00e9es Personnelles Nous collectons les informations que vous nous fournissez directement, [&hellip;]<\/p>\n","protected":false},"author":1,"featured_media":0,"parent":0,"menu_order":0,"comment_status":"closed","ping_status":"closed","template":"","meta":{"_et_pb_use_builder":"","_et_pb_old_content":"","_et_gb_content_width":"","footnotes":""},"dipi_cpt_category":[],"class_list":["post-3","page","type-page","status-publish","hentry"],"yoast_head":"<!-- This site is optimized with the Yoast SEO plugin v23.5 - https:\/\/yoast.com\/wordpress\/plugins\/seo\/ -->\n<title>Politique de confidentialit\u00e9 &amp; Mentions L\u00e9gales - Alpha Courtage<\/title>\n<meta name=\"robots\" content=\"index, follow, max-snippet:-1, max-image-preview:large, max-video-preview:-1\" \/>\n<link rel=\"canonical\" href=\"https:\/\/alpha-courtage.fr\/?page_id=3\" \/>\n<meta property=\"og:locale\" content=\"fr_FR\" \/>\n<meta property=\"og:type\" content=\"article\" \/>\n<meta property=\"og:title\" content=\"Politique de confidentialit\u00e9 &amp; Mentions L\u00e9gales - Alpha Courtage\" \/>\n<meta property=\"og:description\" content=\"Politique de Confidentialit\u00e9 Politique de Confidentialit\u00e9 1. Introduction La pr\u00e9sente politique de confidentialit\u00e9 d\u00e9crit les pratiques de ALPHA COURTAGE concernant la collecte, l&rsquo;utilisation et la divulgation de vos informations lorsque vous utilisez notre site web, accessible \u00e0 l&rsquo;adresse suivante : alpha-courtage.fr. 2. Collecte des Donn\u00e9es Personnelles Nous collectons les informations que vous nous fournissez directement, [&hellip;]\" \/>\n<meta property=\"og:url\" content=\"https:\/\/alpha-courtage.fr\/?page_id=3\" \/>\n<meta property=\"og:site_name\" content=\"Alpha Courtage\" \/>\n<meta property=\"article:publisher\" content=\"https:\/\/www.facebook.com\/alphacourtage\" \/>\n<meta property=\"article:modified_time\" content=\"2024-05-29T08:43:26+00:00\" \/>\n<meta property=\"og:image\" content=\"https:\/\/alpha-courtage.fr\/wp-content\/uploads\/2024\/05\/5.png\" \/>\n\t<meta property=\"og:image:width\" content=\"1200\" \/>\n\t<meta property=\"og:image:height\" content=\"675\" \/>\n\t<meta property=\"og:image:type\" content=\"image\/png\" \/>\n<meta name=\"twitter:card\" content=\"summary_large_image\" \/>\n<meta name=\"twitter:label1\" content=\"Dur\u00e9e de lecture estim\u00e9e\" \/>\n\t<meta name=\"twitter:data1\" content=\"4 minutes\" \/>\n<script type=\"application\/ld+json\" class=\"yoast-schema-graph\">{\"@context\":\"https:\/\/schema.org\",\"@graph\":[{\"@type\":\"WebPage\",\"@id\":\"https:\/\/alpha-courtage.fr\/?page_id=3\",\"url\":\"https:\/\/alpha-courtage.fr\/?page_id=3\",\"name\":\"Politique de confidentialit\u00e9 & Mentions L\u00e9gales - Alpha Courtage\",\"isPartOf\":{\"@id\":\"https:\/\/alpha-courtage.fr\/#website\"},\"datePublished\":\"2023-05-23T12:08:44+00:00\",\"dateModified\":\"2024-05-29T08:43:26+00:00\",\"breadcrumb\":{\"@id\":\"https:\/\/alpha-courtage.fr\/?page_id=3#breadcrumb\"},\"inLanguage\":\"fr-FR\",\"potentialAction\":[{\"@type\":\"ReadAction\",\"target\":[\"https:\/\/alpha-courtage.fr\/?page_id=3\"]}]},{\"@type\":\"BreadcrumbList\",\"@id\":\"https:\/\/alpha-courtage.fr\/?page_id=3#breadcrumb\",\"itemListElement\":[{\"@type\":\"ListItem\",\"position\":1,\"name\":\"Accueil\",\"item\":\"https:\/\/alpha-courtage.fr\/\"},{\"@type\":\"ListItem\",\"position\":2,\"name\":\"Politique de confidentialit\u00e9 &#038; Mentions L\u00e9gales\"}]},{\"@type\":\"WebSite\",\"@id\":\"https:\/\/alpha-courtage.fr\/#website\",\"url\":\"https:\/\/alpha-courtage.fr\/\",\"name\":\"Alpha Courtage - Courtier en Assurances Dunkerque\",\"description\":\"Courtier en Assurances d&#039;Entreprises\",\"publisher\":{\"@id\":\"https:\/\/alpha-courtage.fr\/#organization\"},\"potentialAction\":[{\"@type\":\"SearchAction\",\"target\":{\"@type\":\"EntryPoint\",\"urlTemplate\":\"https:\/\/alpha-courtage.fr\/?s={search_term_string}\"},\"query-input\":{\"@type\":\"PropertyValueSpecification\",\"valueRequired\":true,\"valueName\":\"search_term_string\"}}],\"inLanguage\":\"fr-FR\"},{\"@type\":\"Organization\",\"@id\":\"https:\/\/alpha-courtage.fr\/#organization\",\"name\":\"Alpha Courtage - Courtier en Assurances Dunkerque\",\"url\":\"https:\/\/alpha-courtage.fr\/\",\"logo\":{\"@type\":\"ImageObject\",\"inLanguage\":\"fr-FR\",\"@id\":\"https:\/\/alpha-courtage.fr\/#\/schema\/logo\/image\/\",\"url\":\"https:\/\/alpha-courtage.fr\/wp-content\/uploads\/2023\/05\/logo-alpha-complet.jpg\",\"contentUrl\":\"https:\/\/alpha-courtage.fr\/wp-content\/uploads\/2023\/05\/logo-alpha-complet.jpg\",\"width\":595,\"height\":136,\"caption\":\"Alpha Courtage - Courtier en Assurances Dunkerque\"},\"image\":{\"@id\":\"https:\/\/alpha-courtage.fr\/#\/schema\/logo\/image\/\"},\"sameAs\":[\"https:\/\/www.facebook.com\/alphacourtage\"]}]}<\/script>\n<!-- \/ Yoast SEO plugin. -->","yoast_head_json":{"title":"Politique de confidentialit\u00e9 & Mentions L\u00e9gales - Alpha Courtage","robots":{"index":"index","follow":"follow","max-snippet":"max-snippet:-1","max-image-preview":"max-image-preview:large","max-video-preview":"max-video-preview:-1"},"canonical":"https:\/\/alpha-courtage.fr\/?page_id=3","og_locale":"fr_FR","og_type":"article","og_title":"Politique de confidentialit\u00e9 & Mentions L\u00e9gales - Alpha Courtage","og_description":"Politique de Confidentialit\u00e9 Politique de Confidentialit\u00e9 1. Introduction La pr\u00e9sente politique de confidentialit\u00e9 d\u00e9crit les pratiques de ALPHA COURTAGE concernant la collecte, l&rsquo;utilisation et la divulgation de vos informations lorsque vous utilisez notre site web, accessible \u00e0 l&rsquo;adresse suivante : alpha-courtage.fr. 2. Collecte des Donn\u00e9es Personnelles Nous collectons les informations que vous nous fournissez directement, [&hellip;]","og_url":"https:\/\/alpha-courtage.fr\/?page_id=3","og_site_name":"Alpha Courtage","article_publisher":"https:\/\/www.facebook.com\/alphacourtage","article_modified_time":"2024-05-29T08:43:26+00:00","og_image":[{"width":1200,"height":675,"url":"https:\/\/alpha-courtage.fr\/wp-content\/uploads\/2024\/05\/5.png","type":"image\/png"}],"twitter_card":"summary_large_image","twitter_misc":{"Dur\u00e9e de lecture estim\u00e9e":"4 minutes"},"schema":{"@context":"https:\/\/schema.org","@graph":[{"@type":"WebPage","@id":"https:\/\/alpha-courtage.fr\/?page_id=3","url":"https:\/\/alpha-courtage.fr\/?page_id=3","name":"Politique de confidentialit\u00e9 & Mentions L\u00e9gales - Alpha Courtage","isPartOf":{"@id":"https:\/\/alpha-courtage.fr\/#website"},"datePublished":"2023-05-23T12:08:44+00:00","dateModified":"2024-05-29T08:43:26+00:00","breadcrumb":{"@id":"https:\/\/alpha-courtage.fr\/?page_id=3#breadcrumb"},"inLanguage":"fr-FR","potentialAction":[{"@type":"ReadAction","target":["https:\/\/alpha-courtage.fr\/?page_id=3"]}]},{"@type":"BreadcrumbList","@id":"https:\/\/alpha-courtage.fr\/?page_id=3#breadcrumb","itemListElement":[{"@type":"ListItem","position":1,"name":"Accueil","item":"https:\/\/alpha-courtage.fr\/"},{"@type":"ListItem","position":2,"name":"Politique de confidentialit\u00e9 &#038; Mentions L\u00e9gales"}]},{"@type":"WebSite","@id":"https:\/\/alpha-courtage.fr\/#website","url":"https:\/\/alpha-courtage.fr\/","name":"Alpha Courtage - Courtier en Assurances Dunkerque","description":"Courtier en Assurances d&#039;Entreprises","publisher":{"@id":"https:\/\/alpha-courtage.fr\/#organization"},"potentialAction":[{"@type":"SearchAction","target":{"@type":"EntryPoint","urlTemplate":"https:\/\/alpha-courtage.fr\/?s={search_term_string}"},"query-input":{"@type":"PropertyValueSpecification","valueRequired":true,"valueName":"search_term_string"}}],"inLanguage":"fr-FR"},{"@type":"Organization","@id":"https:\/\/alpha-courtage.fr\/#organization","name":"Alpha Courtage - Courtier en Assurances Dunkerque","url":"https:\/\/alpha-courtage.fr\/","logo":{"@type":"ImageObject","inLanguage":"fr-FR","@id":"https:\/\/alpha-courtage.fr\/#\/schema\/logo\/image\/","url":"https:\/\/alpha-courtage.fr\/wp-content\/uploads\/2023\/05\/logo-alpha-complet.jpg","contentUrl":"https:\/\/alpha-courtage.fr\/wp-content\/uploads\/2023\/05\/logo-alpha-complet.jpg","width":595,"height":136,"caption":"Alpha Courtage - Courtier en Assurances Dunkerque"},"image":{"@id":"https:\/\/alpha-courtage.fr\/#\/schema\/logo\/image\/"},"sameAs":["https:\/\/www.facebook.com\/alphacourtage"]}]}},"_links":{"self":[{"href":"https:\/\/alpha-courtage.fr\/index.php?rest_route=\/wp\/v2\/pages\/3","targetHints":{"allow":["GET"]}}],"collection":[{"href":"https:\/\/alpha-courtage.fr\/index.php?rest_route=\/wp\/v2\/pages"}],"about":[{"href":"https:\/\/alpha-courtage.fr\/index.php?rest_route=\/wp\/v2\/types\/page"}],"author":[{"embeddable":true,"href":"https:\/\/alpha-courtage.fr\/index.php?rest_route=\/wp\/v2\/users\/1"}],"replies":[{"embeddable":true,"href":"https:\/\/alpha-courtage.fr\/index.php?rest_route=%2Fwp%2Fv2%2Fcomments&post=3"}],"version-history":[{"count":4,"href":"https:\/\/alpha-courtage.fr\/index.php?rest_route=\/wp\/v2\/pages\/3\/revisions"}],"predecessor-version":[{"id":19673011,"href":"https:\/\/alpha-courtage.fr\/index.php?rest_route=\/wp\/v2\/pages\/3\/revisions\/19673011"}],"wp:attachment":[{"href":"https:\/\/alpha-courtage.fr\/index.php?rest_route=%2Fwp%2Fv2%2Fmedia&parent=3"}],"wp:term":[{"taxonomy":"dipi_cpt_category","embeddable":true,"href":"https:\/\/alpha-courtage.fr\/index.php?rest_route=%2Fwp%2Fv2%2Fdipi_cpt_category&post=3"}],"curies":[{"name":"wp","href":"https:\/\/api.w.org\/{rel}","templated":true}]}}